{"id":1628,"date":"2017-02-17T12:14:20","date_gmt":"2017-02-17T11:14:20","guid":{"rendered":"https:\/\/studiobcn.fitness\/?page_id=1628"},"modified":"2024-08-10T13:30:33","modified_gmt":"2024-08-10T11:30:33","slug":"contacto","status":"publish","type":"page","link":"https:\/\/studiobcn.fitness\/es\/contacto\/","title":{"rendered":"Contacto"},"content":{"rendered":"[mk_page_section layout_structure=\u00bbhalf_left\u00bb bg_image=\u00bbhttps:\/\/studiobcn.fitness\/wp-content\/uploads\/2024\/08\/ebylife-contact-page-banner.jpg\u00bb bg_color=\u00bb#615d5d\u00bb bg_stretch=\u00bbtrue\u00bb bg_gradient=\u00bbhorizontal\u00bb video_color_mask=\u00bb#615d5d\u00bb gr_end=\u00bb#4776e6&#8243; video_opacity=\u00bb1&#8243; min_height=\u00bb420&#8243; full_width=\u00bbtrue\u00bb padding_top=\u00bb120&#8243; padding_bottom=\u00bb0&#8243;][vc_column][mk_fancy_title tag_name=\u00bbh1&#8243; color=\u00bb#ffffff\u00bb size=\u00bb40&#8243; force_font_size=\u00bbtrue\u00bb size_tablet=\u00bb35&#8243; size_phone=\u00bb30&#8243; letter_spacing=\u00bb1&#8243; margin_bottom=\u00bb0&#8243; font_family=\u00bbRoboto+Slab\u00bb font_type=\u00bbgoogle\u00bb]\n<p style=\"text-align: center;\">Contacta con Ebylife\u2026<\/p>\n[\/mk_fancy_title][mk_fancy_title color=\u00bb#ffffff\u00bb size=\u00bb30&#8243; force_font_size=\u00bbtrue\u00bb size_tablet=\u00bb25&#8243; size_phone=\u00bb20&#8243; font_weight=\u00bb300&#8243; letter_spacing=\u00bb1&#8243; margin_bottom=\u00bb0&#8243; font_family=\u00bbRoboto+Slab\u00bb font_type=\u00bbgoogle\u00bb]\n<p style=\"text-align: center;\">\u00a1Y di hola!<\/p>\n[\/mk_fancy_title][mk_divider style=\u00bbthin_solid\u00bb divider_width=\u00bbone_half\u00bb thin_single_color=\u00bb#ffffff\u00bb thickness=\u00bb3&#8243; margin_top=\u00bb0&#8243; visibility=\u00bbhidden-sm\u00bb][\/vc_column][\/mk_page_section][vc_row css=\u00bb.vc_custom_1555594388469{padding-top: 75px !important;padding-bottom: 50px !important;}\u00bb][vc_column][mk_fancy_title color=\u00bb#aaaaaa\u00bb size=\u00bb18&#8243; font_weight=\u00bb400&#8243; txt_transform=\u00bbnone\u00bb margin_bottom=\u00bb0&#8243; font_family=\u00bbnone\u00bb align=\u00bbcenter\u00bb]Estamos aqu\u00ed para ayudarte, ya sea que tengas una consulta espec\u00edfica sobre ejercicios, preguntas sobre nutrici\u00f3n, consejos sobre la postura o simplemente quieras saber m\u00e1s sobre nosotros.<\/p>\n<p>Con una ubicaci\u00f3n c\u00e9ntrica en Barcelona y f\u00e1cil de encontrar, deja que <a href=\"https:\/\/maps.app.goo.gl\/PhD2QKFNxvLhbsZr8\" target=\"_blank\" rel=\"noopener\"><u>Google Maps<\/u><\/a> te gu\u00ede hasta nosotros.[\/mk_fancy_title][mk_padding_divider size=\u00bb43&#8243;][mk_fancy_title tag_name=\u00bbh3&#8243; color=\u00bb#000000&#8243; size=\u00bb21&#8243; force_font_size=\u00bbtrue\u00bb size_phone=\u00bb15&#8243; font_weight=\u00bb300&#8243; txt_transform=\u00bbnone\u00bb letter_spacing=\u00bb1&#8243; margin_bottom=\u00bb0&#8243; font_family=\u00bbRoboto\u00bb font_type=\u00bbgoogle\u00bb align=\u00bbcenter\u00bb]<a href=\"mailto:Martin@ebylife.com\">Martin@ebylife.com<\/a><\/p>\n<p><a href=\"tel:+34636597084\">+34 636597084<\/a><\/p>\n<p class=\"preFade fadeIn\"><a href=\"https:\/\/maps.app.goo.gl\/7fVCdS74uigmK6r17\" target=\"_blank\" rel=\"noopener\">Carrer de Casp 146, 08013, Barcelona, Spain<\/a><\/p>\n[\/mk_fancy_title][mk_social_networks size=\u00bblarge\u00bb style=\u00bbsimple-rounded\u00bb border_color=\u00bb#615d5d\u00bb bg_hover_color=\u00bb#615d5d\u00bb icon_color=\u00bb#615d5d\u00bb icon_hover_color=\u00bb#fce746&#8243; align=\u00bbcenter\u00bb facebook=\u00bbhttps:\/\/www.facebook.com\/Ebylife\u00bb instagram=\u00bbhttps:\/\/www.instagram.com\/martinebner\u00bb][\/vc_column][\/vc_row][mk_page_section bg_color=\u00bb#abb8c3&#8243; bg_gradient=\u00bbhorizontal\u00bb padding_top=\u00bb0&#8243; padding_bottom=\u00bb0&#8243; sidebar=\u00bbsidebar-1&#8243;][vc_column width=\u00bb1\/2&#8243;][mk_padding_divider size=\u00bb37&#8243;][vc_gmaps link=\u00bb#E-8_JTNDaWZyYW1lJTIwc3JjJTNEJTIyaHR0cHMlM0ElMkYlMkZ3d3cuZ29vZ2xlLmNvbSUyRm1hcHMlMkZlbWJlZCUzRnBiJTNEJTIxMW0xNCUyMTFtOCUyMTFtMyUyMTFkMTE5NzEuOTgzMTc3MDYyMzYyJTIxMmQyLjE3OTYzNTglMjEzZDQxLjM5NTg5NzclMjEzbTIlMjExaTEwMjQlMjEyaTc2OCUyMTRmMTMuMSUyMTNtMyUyMTFtMiUyMTFzMHgxMmE0OTg5ZDZhYTExZDA5JTI1M0EweDQwMThhNzk2ZTQ4NWRjMTAlMjEyc0VieWxpZmUlMjUyMC0lMjUyMEVuZ2xpc2glMjUyMFNwZWFraW5nJTI1MjBQZXJzb25hbCUyNTIwVHJhaW5lciUyNTIwQmFyY2Vsb25hJTIxNWUwJTIxM20yJTIxMXNlbiUyMTJzaW4lMjE0djE3MjI4NTg0MDU0MDIlMjE1bTIlMjExc2VuJTIxMnNpbiUyMiUyMHdpZHRoJTNEJTIyNjAwJTIyJTIwaGVpZ2h0JTNEJTIyNTUwJTIyJTIwc3R5bGUlM0QlMjJib3JkZXIlM0EwJTNCJTIyJTIwYWxsb3dmdWxsc2NyZWVuJTNEJTIyJTIyJTIwbG9hZGluZyUzRCUyMmxhenklMjIlMjByZWZlcnJlcnBvbGljeSUzRCUyMm5vLXJlZmVycmVyLXdoZW4tZG93bmdyYWRlJTIyJTNFJTNDJTJGaWZyYW1lJTNF\u00bb][\/vc_column][vc_column width=\u00bb1\/2&#8243;][mk_fancy_title tag_name=\u00bbh3&#8243; color=\u00bb#000000&#8243; size=\u00bb25&#8243; force_font_size=\u00bbtrue\u00bb size_tablet=\u00bb20&#8243; size_phone=\u00bb20&#8243; font_weight=\u00bb300&#8243; letter_spacing=\u00bb1&#8243; margin_top=\u00bb40&#8243; margin_bottom=\u00bb0&#8243; font_family=\u00bbRoboto+Slab\u00bb font_type=\u00bbgoogle\u00bb]Formulario de contacto[\/mk_fancy_title][vc_column_text css=\u00bb.vc_custom_1722858224209{margin-bottom: 0px !important;}\u00bb]\n<div class=\"wpcf7 no-js\" id=\"wpcf7-f1638-o1\" lang=\"es-ES\" dir=\"ltr\">\n<div class=\"screen-reader-response\"><p role=\"status\" aria-live=\"polite\" aria-atomic=\"true\"><\/p> <ul><\/ul><\/div>\n<form action=\"\/es\/wp-json\/wp\/v2\/pages\/1628#wpcf7-f1638-o1\" method=\"post\" class=\"wpcf7-form init\" aria-label=\"Formulario de contacto\" novalidate=\"novalidate\" data-status=\"init\">\n<div style=\"display: none;\">\n<input type=\"hidden\" name=\"_wpcf7\" value=\"1638\" \/>\n<input type=\"hidden\" name=\"_wpcf7_version\" value=\"5.9.5\" \/>\n<input type=\"hidden\" name=\"_wpcf7_locale\" value=\"es_ES\" \/>\n<input type=\"hidden\" name=\"_wpcf7_unit_tag\" value=\"wpcf7-f1638-o1\" \/>\n<input type=\"hidden\" name=\"_wpcf7_container_post\" value=\"0\" \/>\n<input type=\"hidden\" name=\"_wpcf7_posted_data_hash\" value=\"\" \/>\n<\/div>\n<p><label> Nombre (requerido)<br \/>\n<span class=\"wpcf7-form-control-wrap\" data-name=\"first-name\"><input size=\"40\" class=\"wpcf7-form-control wpcf7-text wpcf7-validates-as-required\" aria-required=\"true\" aria-invalid=\"false\" value=\"\" type=\"text\" name=\"first-name\" \/><\/span> <\/label>\n<\/p>\n<p><label> Apellidos<br \/>\n<span class=\"wpcf7-form-control-wrap\" data-name=\"last-name\"><input size=\"40\" class=\"wpcf7-form-control wpcf7-text\" aria-invalid=\"false\" value=\"\" type=\"text\" name=\"last-name\" \/><\/span> <\/label>\n<\/p>\n<p><label> Tu email (requerido)<br \/>\n<span class=\"wpcf7-form-control-wrap\" data-name=\"your-email\"><input size=\"40\" class=\"wpcf7-form-control wpcf7-email wpcf7-validates-as-required wpcf7-text wpcf7-validates-as-email\" aria-required=\"true\" aria-invalid=\"false\" value=\"\" type=\"email\" name=\"your-email\" \/><\/span> <\/label>\n<\/p>\n<p><label> Tel\u00e9fono<br \/>\n<span class=\"wpcf7-form-control-wrap\" data-name=\"your-phone\"><input size=\"40\" class=\"wpcf7-form-control wpcf7-text\" aria-invalid=\"false\" value=\"\" type=\"text\" name=\"your-phone\" \/><\/span> <\/label>\n<\/p>\n<p><label> Tu mensaje<br \/>\n<span class=\"wpcf7-form-control-wrap\" data-name=\"your-message\"><textarea cols=\"40\" rows=\"10\" class=\"wpcf7-form-control wpcf7-textarea\" aria-invalid=\"false\" name=\"your-message\"><\/textarea><\/span> <\/label>\n<\/p>\n<p><input class=\"wpcf7-form-control wpcf7-submit has-spinner\" type=\"submit\" value=\"Enviar\" \/>\n<\/p><div class=\"wpcf7-response-output\" aria-hidden=\"true\"><\/div>\n<\/form>\n<\/div>\n[\/vc_column_text][\/vc_column][\/mk_page_section][mk_page_section bg_image=\u00bbhttps:\/\/studiobcn.fitness\/wp-content\/uploads\/2017\/02\/trx.jpg\u00bb bg_stretch=\u00bbtrue\u00bb video_color_mask=\u00bb#615d5d\u00bb min_height=\u00bb147&#8243; padding_top=\u00bb0&#8243; padding_bottom=\u00bb0&#8243; sidebar=\u00bbsidebar-1&#8243;][vc_column width=\u00bb2\/3&#8243;][mk_fancy_title tag_name=\u00bbh3&#8243; color=\u00bb#ffffff\u00bb size=\u00bb22&#8243; force_font_size=\u00bbtrue\u00bb size_tablet=\u00bb22&#8243; size_phone=\u00bb20&#8243; letter_spacing=\u00bb1&#8243; margin_top=\u00bb58&#8243; margin_bottom=\u00bb0&#8243; font_family=\u00bbRoboto+Slab\u00bb font_type=\u00bbgoogle\u00bb]Subscr\u00edbete al Bolet\u00edn&#8230;[\/mk_fancy_title][\/vc_column][vc_column width=\u00bb1\/3&#8243;][mk_padding_divider size=\u00bb51&#8243;][mk_button dimension=\u00bboutline\u00bb corner_style=\u00bbfull_rounded\u00bb size=\u00bblarge\u00bb url=\u00bbhttps:\/\/mailchi.mp\/8db6db7b9ba1\/subscribe\u00bb target=\u00bb_blank\u00bb button_custom_width=\u00bb200&#8243; margin_bottom=\u00bb0&#8243; margin_right=\u00bb0&#8243; outline_skin=\u00bbcustom\u00bb outline_active_text_color=\u00bb#ffffff\u00bb outline_hover_color=\u00bb#fce746&#8243;]Subscr\u00edbete[\/mk_button][\/vc_column][\/mk_page_section]\n","protected":false},"excerpt":{"rendered":"<p>[mk_page_section layout_structure=\u00bbhalf_left\u00bb bg_image=\u00bbhttps:\/\/studiobcn.fitness\/wp-content\/uploads\/2024\/08\/ebylife-contact-page-banner.jpg\u00bb bg_color=\u00bb#615d5d\u00bb bg_stretch=\u00bbtrue\u00bb bg_gradient=\u00bbhorizontal\u00bb video_color_mask=\u00bb#615d5d\u00bb gr_end=\u00bb#4776e6&#8243; video_opacity=\u00bb1&#8243; min_height=\u00bb420&#8243; full_width=\u00bbtrue\u00bb padding_top=\u00bb120&#8243; padding_bottom=\u00bb0&#8243;][vc_column][mk_fancy_title tag_name=\u00bbh1&#8243; color=\u00bb#ffffff\u00bb size=\u00bb40&#8243; force_font_size=\u00bbtrue\u00bb size_tablet=\u00bb35&#8243; size_phone=\u00bb30&#8243; letter_spacing=\u00bb1&#8243; margin_bottom=\u00bb0&#8243; font_family=\u00bbRoboto+Slab\u00bb font_type=\u00bbgoogle\u00bb] Contacta con Ebylife\u2026 [\/mk_fancy_title][mk_fancy_title color=\u00bb#ffffff\u00bb size=\u00bb30&#8243; force_font_size=\u00bbtrue\u00bb size_tablet=\u00bb25&#8243; size_phone=\u00bb20&#8243; font_weight=\u00bb300&#8243; letter_spacing=\u00bb1&#8243; margin_bottom=\u00bb0&#8243; font_family=\u00bbRoboto+Slab\u00bb font_type=\u00bbgoogle\u00bb] \u00a1Y di hola! [\/mk_fancy_title][mk_divider style=\u00bbthin_solid\u00bb divider_width=\u00bbone_half\u00bb thin_single_color=\u00bb#ffffff\u00bb thickness=\u00bb3&#8243; margin_top=\u00bb0&#8243; visibility=\u00bbhidden-sm\u00bb][\/vc_column][\/mk_page_section][vc_row css=\u00bb.vc_custom_1555594388469{padding-top: 75px !important;padding-bottom: 50px !important;}\u00bb][vc_column][mk_fancy_title color=\u00bb#aaaaaa\u00bb size=\u00bb18&#8243; font_weight=\u00bb400&#8243; [&hellip;]<\/p>\n","protected":false},"author":618510,"featured_media":0,"parent":0,"menu_order":45,"comment_status":"closed","ping_status":"closed","template":"","meta":{"rank_math_lock_modified_date":false,"_monsterinsights_skip_tracking":false,"_monsterinsights_sitenote_active":false,"_monsterinsights_sitenote_note":"","_monsterinsights_sitenote_category":0,"footnotes":""},"_links":{"self":[{"href":"https:\/\/studiobcn.fitness\/es\/wp-json\/wp\/v2\/pages\/1628"}],"collection":[{"href":"https:\/\/studiobcn.fitness\/es\/wp-json\/wp\/v2\/pages"}],"about":[{"href":"https:\/\/studiobcn.fitness\/es\/wp-json\/wp\/v2\/types\/page"}],"author":[{"embeddable":true,"href":"https:\/\/studiobcn.fitness\/es\/wp-json\/wp\/v2\/users\/618510"}],"replies":[{"embeddable":true,"href":"https:\/\/studiobcn.fitness\/es\/wp-json\/wp\/v2\/comments?post=1628"}],"version-history":[{"count":6,"href":"https:\/\/studiobcn.fitness\/es\/wp-json\/wp\/v2\/pages\/1628\/revisions"}],"predecessor-version":[{"id":2214,"href":"https:\/\/studiobcn.fitness\/es\/wp-json\/wp\/v2\/pages\/1628\/revisions\/2214"}],"wp:attachment":[{"href":"https:\/\/studiobcn.fitness\/es\/wp-json\/wp\/v2\/media?parent=1628"}],"curies":[{"name":"wp","href":"https:\/\/api.w.org\/{rel}","templated":true}]}}