{"id":1649,"date":"2019-04-29T17:10:48","date_gmt":"2019-04-29T15:10:48","guid":{"rendered":"https:\/\/studiobcn.fitness\/?page_id=1649"},"modified":"2024-08-10T13:33:08","modified_gmt":"2024-08-10T11:33:08","slug":"el-equipo","status":"publish","type":"page","link":"https:\/\/studiobcn.fitness\/es\/el-equipo\/","title":{"rendered":"El Equipo"},"content":{"rendered":"[mk_page_section layout_structure=\u00bbhalf_left\u00bb bg_image=\u00bbhttps:\/\/studiobcn.fitness\/wp-content\/uploads\/2024\/08\/ebylife-personal-training-in-barcelona-logo.jpg\u00bb bg_color=\u00bb#615d5d\u00bb bg_stretch=\u00bbtrue\u00bb bg_gradient=\u00bbhorizontal\u00bb video_color_mask=\u00bb#615d5d\u00bb gr_end=\u00bb#615d5d\u00bb video_opacity=\u00bb1&#8243; min_height=\u00bb420&#8243; full_width=\u00bbtrue\u00bb padding_top=\u00bb120&#8243; padding_bottom=\u00bb0&#8243; el_class=\u00bbteam-top\u00bb][vc_column][mk_fancy_title tag_name=\u00bbh1&#8243; color=\u00bb#ffffff\u00bb size=\u00bb40&#8243; force_font_size=\u00bbtrue\u00bb size_tablet=\u00bb35&#8243; size_phone=\u00bb30&#8243; letter_spacing=\u00bb1&#8243; margin_bottom=\u00bb0&#8243; font_family=\u00bbRoboto+Slab\u00bb font_type=\u00bbgoogle\u00bb]\n<p style=\"text-align: center;\">Conoce el Equipo<\/p>\n[\/mk_fancy_title][mk_divider style=\u00bbthin_solid\u00bb divider_width=\u00bbone_half\u00bb thin_single_color=\u00bb#ffffff\u00bb thickness=\u00bb3&#8243; margin_top=\u00bb0&#8243; margin_bottom=\u00bb0&#8243; visibility=\u00bbhidden-sm\u00bb][\/vc_column][\/mk_page_section][mk_page_section vertical_align=\u00bbtop\u00bb layout_structure=\u00bbhalf_right\u00bb bg_image=\u00bbhttps:\/\/studiobcn.fitness\/wp-content\/uploads\/2024\/07\/martin-ebner.jpg\u00bb bg_color=\u00bb#fafafa\u00bb bg_stretch=\u00bbtrue\u00bb min_height=\u00bb430&#8243; full_width=\u00bbtrue\u00bb padding_top=\u00bb0&#8243; padding_bottom=\u00bb0&#8243;][vc_column][mk_fancy_title color=\u00bb#000000&#8243; size=\u00bb30&#8243; force_font_size=\u00bbtrue\u00bb size_tablet=\u00bb25&#8243; size_phone=\u00bb20&#8243; font_weight=\u00bb300&#8243; letter_spacing=\u00bb1&#8243; margin_top=\u00bb50&#8243; margin_bottom=\u00bb0&#8243; font_family=\u00bbRoboto+Slab\u00bb font_type=\u00bbgoogle\u00bb]Martin Ebner \u2013 Fundador de Ebylife, Entrenador Personal en Barcelona[\/mk_fancy_title][vc_column_text css=\u00bb.vc_custom_1722857131227{margin-bottom: 0px !important;}\u00bb]Martin Ebner es el fundador de Ebylife, un entrenador personal certificado de nivel 3 y un coach de estilo de vida con m\u00e1s de una d\u00e9cada de experiencia en la industria del fitness.<\/p>\n<p>Originario de Edimburgo, Escocia, Martin ha establecido su base en Barcelona, ??donde ofrece entrenamiento personal personalizado, nutrici\u00f3n y coaching de estilo de vida. Su enfoque hol\u00edstico combina ejercicio, nutrici\u00f3n y mentalidad para ayudar a los clientes a lograr resultados sostenibles que cambien la vida. La actitud agradable de Martin y su compromiso con los detalles hacen que sus sesiones de entrenamiento sean efectivas y agradables. Cuando no est\u00e1 entrenando a sus clientes, puedes encontrarlo en la naturaleza, en el gimnasio, explorando caf\u00e9s locales o experimentando con nuevas recetas en la cocina.<\/p>\n<p class=\"p1\">[\/vc_column_text][mk_padding_divider size=\u00bb60&#8243; visibility=\u00bbvisible-sm\u00bb][\/vc_column][\/mk_page_section][mk_page_section layout_structure=\u00bbhalf_left\u00bb bg_image=\u00bbhttps:\/\/studiobcn.fitness\/wp-content\/uploads\/2018\/12\/p1001771-e1544213246809.jpg\u00bb bg_color=\u00bb#fafafa\u00bb bg_stretch=\u00bbtrue\u00bb min_height=\u00bb430&#8243; full_width=\u00bbtrue\u00bb padding_top=\u00bb0&#8243; padding_bottom=\u00bb0&#8243;][vc_column][mk_fancy_title color=\u00bb#000000&#8243; size=\u00bb30&#8243; force_font_size=\u00bbtrue\u00bb size_tablet=\u00bb25&#8243; size_phone=\u00bb20&#8243; font_weight=\u00bb300&#8243; letter_spacing=\u00bb1&#8243; margin_top=\u00bb50&#8243; margin_bottom=\u00bb0&#8243; font_family=\u00bbRoboto+Slab\u00bb font_type=\u00bbgoogle\u00bb]Jamie Szymonik \u2013 El Jefe, Entrenador Personal, Instructor de TRX en Grupo y Entrenador de Nutrici\u00f3n[\/mk_fancy_title][mk_padding_divider size=\u00bb60&#8243; visibility=\u00bbvisible-sm\u00bb][vc_column_text css=\u00bb.vc_custom_1722857296387{margin-bottom: 0px !important;}\u00bb]Jamie es un profesional certificado en fitness y nutrici\u00f3n del Reino Unido. Trabajaba en el sector corporativo con mala postura y muchos dolores. Cambi\u00f3 su vida y se enamor\u00f3 del fitness. Nunca m\u00e1s mir\u00f3 atr\u00e1s.<\/p>\n<p>Cree que mantener las cosas simples y divertidas para sus clientes es la clave the los \u00e9xitos para ellos.<\/p>\n<p>En Febrero del 2018 abri\u00f3 The Studio Barcelona, donde su pasi\u00f3n por compartir ha crecido y sigue creciendo. Buena m\u00fasica, iluminaci\u00f3n de ambiente, bonito espacio y un programa desafiante hacen que sus clases diarias casi siempre a est\u00e9n llenas.[\/vc_column_text][\/vc_column][\/mk_page_section][mk_page_section bg_image=\u00bbhttps:\/\/studiobcn.fitness\/wp-content\/uploads\/2017\/02\/trx.jpg\u00bb bg_repeat=\u00bbno-repeat\u00bb bg_stretch=\u00bbtrue\u00bb speed_factor=\u00bb1.4&#8243; video_color_mask=\u00bb#615d5d\u00bb video_opacity=\u00bb0.8&#8243; min_height=\u00bb147&#8243; padding_top=\u00bb0&#8243; padding_bottom=\u00bb0&#8243; top_shape_color=\u00bb#000000&#8243; sidebar=\u00bbsidebar-1&#8243;][vc_column width=\u00bb2\/3&#8243;][mk_fancy_title tag_name=\u00bbh3&#8243; color=\u00bb#ffffff\u00bb size=\u00bb22&#8243; force_font_size=\u00bbtrue\u00bb size_tablet=\u00bb22&#8243; size_phone=\u00bb20&#8243; letter_spacing=\u00bb1&#8243; margin_top=\u00bb58&#8243; margin_bottom=\u00bb0&#8243; font_family=\u00bbRoboto+Slab\u00bb font_type=\u00bbgoogle\u00bb]Ver precios de Ebylife[\/mk_fancy_title][\/vc_column][vc_column width=\u00bb1\/3&#8243;][mk_padding_divider size=\u00bb51&#8243;][mk_button dimension=\u00bboutline\u00bb corner_style=\u00bbfull_rounded\u00bb size=\u00bblarge\u00bb url=\u00bbhttps:\/\/www.ebylife.com\/prices\u00bb align=\u00bbright\u00bb button_custom_width=\u00bb200&#8243; margin_bottom=\u00bb0&#8243; margin_right=\u00bb0&#8243; outline_skin=\u00bbcustom\u00bb outline_active_text_color=\u00bb#ffffff\u00bb outline_hover_color=\u00bb#fce746&#8243;]Precios[\/mk_button][\/vc_column][\/mk_page_section]\n","protected":false},"excerpt":{"rendered":"<p>[mk_page_section layout_structure=\u00bbhalf_left\u00bb bg_image=\u00bbhttps:\/\/studiobcn.fitness\/wp-content\/uploads\/2024\/08\/ebylife-personal-training-in-barcelona-logo.jpg\u00bb bg_color=\u00bb#615d5d\u00bb bg_stretch=\u00bbtrue\u00bb bg_gradient=\u00bbhorizontal\u00bb video_color_mask=\u00bb#615d5d\u00bb gr_end=\u00bb#615d5d\u00bb video_opacity=\u00bb1&#8243; min_height=\u00bb420&#8243; full_width=\u00bbtrue\u00bb padding_top=\u00bb120&#8243; padding_bottom=\u00bb0&#8243; el_class=\u00bbteam-top\u00bb][vc_column][mk_fancy_title tag_name=\u00bbh1&#8243; color=\u00bb#ffffff\u00bb size=\u00bb40&#8243; force_font_size=\u00bbtrue\u00bb size_tablet=\u00bb35&#8243; size_phone=\u00bb30&#8243; letter_spacing=\u00bb1&#8243; margin_bottom=\u00bb0&#8243; font_family=\u00bbRoboto+Slab\u00bb font_type=\u00bbgoogle\u00bb] Conoce el Equipo [\/mk_fancy_title][mk_divider style=\u00bbthin_solid\u00bb divider_width=\u00bbone_half\u00bb thin_single_color=\u00bb#ffffff\u00bb thickness=\u00bb3&#8243; margin_top=\u00bb0&#8243; margin_bottom=\u00bb0&#8243; visibility=\u00bbhidden-sm\u00bb][\/vc_column][\/mk_page_section][mk_page_section vertical_align=\u00bbtop\u00bb layout_structure=\u00bbhalf_right\u00bb bg_image=\u00bbhttps:\/\/studiobcn.fitness\/wp-content\/uploads\/2024\/07\/martin-ebner.jpg\u00bb bg_color=\u00bb#fafafa\u00bb bg_stretch=\u00bbtrue\u00bb min_height=\u00bb430&#8243; full_width=\u00bbtrue\u00bb padding_top=\u00bb0&#8243; padding_bottom=\u00bb0&#8243;][vc_column][mk_fancy_title color=\u00bb#000000&#8243; size=\u00bb30&#8243; force_font_size=\u00bbtrue\u00bb size_tablet=\u00bb25&#8243; size_phone=\u00bb20&#8243; font_weight=\u00bb300&#8243; letter_spacing=\u00bb1&#8243; margin_top=\u00bb50&#8243; margin_bottom=\u00bb0&#8243; font_family=\u00bbRoboto+Slab\u00bb font_type=\u00bbgoogle\u00bb]Martin [&hellip;]<\/p>\n","protected":false},"author":618510,"featured_media":0,"parent":0,"menu_order":25,"comment_status":"closed","ping_status":"closed","template":"","meta":{"rank_math_lock_modified_date":false,"_monsterinsights_skip_tracking":false,"_monsterinsights_sitenote_active":false,"_monsterinsights_sitenote_note":"","_monsterinsights_sitenote_category":0,"footnotes":""},"_links":{"self":[{"href":"https:\/\/studiobcn.fitness\/es\/wp-json\/wp\/v2\/pages\/1649"}],"collection":[{"href":"https:\/\/studiobcn.fitness\/es\/wp-json\/wp\/v2\/pages"}],"about":[{"href":"https:\/\/studiobcn.fitness\/es\/wp-json\/wp\/v2\/types\/page"}],"author":[{"embeddable":true,"href":"https:\/\/studiobcn.fitness\/es\/wp-json\/wp\/v2\/users\/618510"}],"replies":[{"embeddable":true,"href":"https:\/\/studiobcn.fitness\/es\/wp-json\/wp\/v2\/comments?post=1649"}],"version-history":[{"count":5,"href":"https:\/\/studiobcn.fitness\/es\/wp-json\/wp\/v2\/pages\/1649\/revisions"}],"predecessor-version":[{"id":2216,"href":"https:\/\/studiobcn.fitness\/es\/wp-json\/wp\/v2\/pages\/1649\/revisions\/2216"}],"wp:attachment":[{"href":"https:\/\/studiobcn.fitness\/es\/wp-json\/wp\/v2\/media?parent=1649"}],"curies":[{"name":"wp","href":"https:\/\/api.w.org\/{rel}","templated":true}]}}