{"id":1662,"date":"2019-04-29T18:29:51","date_gmt":"2019-04-29T16:29:51","guid":{"rendered":"https:\/\/studiobcn.fitness\/?page_id=1662"},"modified":"2024-08-10T13:31:46","modified_gmt":"2024-08-10T11:31:46","slug":"entrenamiento-personal","status":"publish","type":"page","link":"https:\/\/studiobcn.fitness\/es\/entrenamiento-personal\/","title":{"rendered":"Entrenamiento Personal"},"content":{"rendered":"[mk_page_section layout_structure=\u00bbhalf_left\u00bb bg_image=\u00bbhttps:\/\/studiobcn.fitness\/wp-content\/uploads\/2024\/08\/outdoor-personal-training-by-martin-ebner.jpg\u00bb bg_color=\u00bb#615d5d\u00bb bg_stretch=\u00bbtrue\u00bb bg_gradient=\u00bbhorizontal\u00bb video_color_mask=\u00bb#615d5d\u00bb gr_end=\u00bb#615d5d\u00bb video_opacity=\u00bb1&#8243; min_height=\u00bb420&#8243; full_width=\u00bbtrue\u00bb padding_top=\u00bb120&#8243; padding_bottom=\u00bb0&#8243;][vc_column][mk_fancy_title tag_name=\u00bbh1&#8243; color=\u00bb#ffffff\u00bb size=\u00bb40&#8243; force_font_size=\u00bbtrue\u00bb size_tablet=\u00bb35&#8243; size_phone=\u00bb30&#8243; letter_spacing=\u00bb1&#8243; margin_bottom=\u00bb0&#8243; font_family=\u00bbRoboto+Slab\u00bb font_type=\u00bbgoogle\u00bb]\n<p style=\"text-align: center;\">Entrenamiento Personal<\/p>\n[\/mk_fancy_title][mk_fancy_title color=\u00bb#ffffff\u00bb size=\u00bb30&#8243; force_font_size=\u00bbtrue\u00bb size_tablet=\u00bb25&#8243; size_phone=\u00bb20&#8243; font_weight=\u00bb300&#8243; letter_spacing=\u00bb1&#8243; margin_bottom=\u00bb0&#8243; font_family=\u00bbRoboto+Slab\u00bb font_type=\u00bbgoogle\u00bb]\n<p style=\"text-align: center;\">En el coraz\u00f3n de Barcelona<\/p>\n[\/mk_fancy_title][mk_divider style=\u00bbthin_solid\u00bb divider_width=\u00bbone_half\u00bb thin_single_color=\u00bb#ffffff\u00bb thickness=\u00bb3&#8243; margin_top=\u00bb0&#8243; margin_bottom=\u00bb0&#8243; visibility=\u00bbhidden-sm\u00bb][\/vc_column][\/mk_page_section][mk_page_section layout_structure=\u00bbhalf_right\u00bb bg_image=\u00bbhttps:\/\/studiobcn.fitness\/wp-content\/uploads\/2024\/08\/ebylife_personal-trainer-martin-ebner.jpg\u00bb bg_color=\u00bb#fafafa\u00bb bg_stretch=\u00bbtrue\u00bb min_height=\u00bb430&#8243; full_width=\u00bbtrue\u00bb padding_top=\u00bb0&#8243; padding_bottom=\u00bb0&#8243;][vc_column][mk_fancy_title color=\u00bb#000000&#8243; size=\u00bb30&#8243; force_font_size=\u00bbtrue\u00bb size_tablet=\u00bb25&#8243; size_phone=\u00bb20&#8243; font_weight=\u00bb300&#8243; letter_spacing=\u00bb1&#8243; margin_top=\u00bb50&#8243; margin_bottom=\u00bb0&#8243; font_family=\u00bbRoboto+Slab\u00bb font_type=\u00bbgoogle\u00bb]Una talla no va bien a todo el mundo&#8230;[\/mk_fancy_title][vc_column_text css=\u00bb.vc_custom_1722856091193{margin-bottom: 0px !important;}\u00bb]Por eso, Ebylife ofrece una evaluaci\u00f3n detallada y analiza detenidamente sus necesidades y objetivos para adaptar su programa especialmente para usted. Este enfoque le permite desarrollar cambios de h\u00e1bitos nuevos, alcanzables y permanentes de la forma m\u00e1s sencilla posible.<\/p>\n<p>Ebylife analiza su historial de ejercicio, tipo de cuerpo, estilo de vida, alimentaci\u00f3n e hidrataci\u00f3n. Atienden a todos, incluidos aquellos con antecedentes de dolor, necesidades pre y posnatales y personas centradas en el rendimiento atl\u00e9tico.<\/p>\n<p>Los entrenadores de Ebylife est\u00e1n completamente certificados y utilizan su conocimiento y experiencia para crear programas hol\u00edsticos que brindan resultados r\u00e1pidos y duraderos.[\/vc_column_text][mk_padding_divider size=\u00bb60&#8243; visibility=\u00bbvisible-sm\u00bb][\/vc_column][\/mk_page_section][mk_page_section bg_image=\u00bbhttps:\/\/studiobcn.fitness\/wp-content\/uploads\/2017\/02\/trx.jpg\u00bb bg_repeat=\u00bbno-repeat\u00bb bg_stretch=\u00bbtrue\u00bb speed_factor=\u00bb1.4&#8243; video_color_mask=\u00bb#615d5d\u00bb video_opacity=\u00bb0.8&#8243; min_height=\u00bb147&#8243; padding_top=\u00bb0&#8243; padding_bottom=\u00bb0&#8243; top_shape_color=\u00bb#000000&#8243; sidebar=\u00bbsidebar-1&#8243;][vc_column width=\u00bb2\/3&#8243;][mk_fancy_title tag_name=\u00bbh3&#8243; color=\u00bb#ffffff\u00bb size=\u00bb22&#8243; force_font_size=\u00bbtrue\u00bb size_tablet=\u00bb22&#8243; size_phone=\u00bb20&#8243; letter_spacing=\u00bb1&#8243; margin_top=\u00bb58&#8243; margin_bottom=\u00bb0&#8243; font_family=\u00bbRoboto+Slab\u00bb font_type=\u00bbgoogle\u00bb]Ver precios y paquetes de entrenamiento.[\/mk_fancy_title][\/vc_column][vc_column width=\u00bb1\/3&#8243;][mk_padding_divider size=\u00bb51&#8243;][mk_button dimension=\u00bboutline\u00bb corner_style=\u00bbfull_rounded\u00bb size=\u00bblarge\u00bb url=\u00bbhttps:\/\/www.ebylife.com\/prices\u00bb align=\u00bbright\u00bb button_custom_width=\u00bb200&#8243; margin_bottom=\u00bb0&#8243; margin_right=\u00bb0&#8243; outline_skin=\u00bbcustom\u00bb outline_active_text_color=\u00bb#ffffff\u00bb outline_hover_color=\u00bb#fce746&#8243;]VER TODO[\/mk_button][\/vc_column][\/mk_page_section]\n","protected":false},"excerpt":{"rendered":"<p>[mk_page_section layout_structure=\u00bbhalf_left\u00bb bg_image=\u00bbhttps:\/\/studiobcn.fitness\/wp-content\/uploads\/2024\/08\/outdoor-personal-training-by-martin-ebner.jpg\u00bb bg_color=\u00bb#615d5d\u00bb bg_stretch=\u00bbtrue\u00bb bg_gradient=\u00bbhorizontal\u00bb video_color_mask=\u00bb#615d5d\u00bb gr_end=\u00bb#615d5d\u00bb video_opacity=\u00bb1&#8243; min_height=\u00bb420&#8243; full_width=\u00bbtrue\u00bb padding_top=\u00bb120&#8243; padding_bottom=\u00bb0&#8243;][vc_column][mk_fancy_title tag_name=\u00bbh1&#8243; color=\u00bb#ffffff\u00bb size=\u00bb40&#8243; force_font_size=\u00bbtrue\u00bb size_tablet=\u00bb35&#8243; size_phone=\u00bb30&#8243; letter_spacing=\u00bb1&#8243; margin_bottom=\u00bb0&#8243; font_family=\u00bbRoboto+Slab\u00bb font_type=\u00bbgoogle\u00bb] Entrenamiento Personal [\/mk_fancy_title][mk_fancy_title color=\u00bb#ffffff\u00bb size=\u00bb30&#8243; force_font_size=\u00bbtrue\u00bb size_tablet=\u00bb25&#8243; size_phone=\u00bb20&#8243; font_weight=\u00bb300&#8243; letter_spacing=\u00bb1&#8243; margin_bottom=\u00bb0&#8243; font_family=\u00bbRoboto+Slab\u00bb font_type=\u00bbgoogle\u00bb] En el coraz\u00f3n de Barcelona [\/mk_fancy_title][mk_divider style=\u00bbthin_solid\u00bb divider_width=\u00bbone_half\u00bb thin_single_color=\u00bb#ffffff\u00bb thickness=\u00bb3&#8243; margin_top=\u00bb0&#8243; margin_bottom=\u00bb0&#8243; visibility=\u00bbhidden-sm\u00bb][\/vc_column][\/mk_page_section][mk_page_section layout_structure=\u00bbhalf_right\u00bb bg_image=\u00bbhttps:\/\/studiobcn.fitness\/wp-content\/uploads\/2024\/08\/ebylife_personal-trainer-martin-ebner.jpg\u00bb bg_color=\u00bb#fafafa\u00bb bg_stretch=\u00bbtrue\u00bb min_height=\u00bb430&#8243; full_width=\u00bbtrue\u00bb [&hellip;]<\/p>\n","protected":false},"author":618510,"featured_media":0,"parent":0,"menu_order":10,"comment_status":"closed","ping_status":"closed","template":"","meta":{"rank_math_lock_modified_date":false,"_monsterinsights_skip_tracking":false,"_monsterinsights_sitenote_active":false,"_monsterinsights_sitenote_note":"","_monsterinsights_sitenote_category":0,"footnotes":""},"_links":{"self":[{"href":"https:\/\/studiobcn.fitness\/es\/wp-json\/wp\/v2\/pages\/1662"}],"collection":[{"href":"https:\/\/studiobcn.fitness\/es\/wp-json\/wp\/v2\/pages"}],"about":[{"href":"https:\/\/studiobcn.fitness\/es\/wp-json\/wp\/v2\/types\/page"}],"author":[{"embeddable":true,"href":"https:\/\/studiobcn.fitness\/es\/wp-json\/wp\/v2\/users\/618510"}],"replies":[{"embeddable":true,"href":"https:\/\/studiobcn.fitness\/es\/wp-json\/wp\/v2\/comments?post=1662"}],"version-history":[{"count":5,"href":"https:\/\/studiobcn.fitness\/es\/wp-json\/wp\/v2\/pages\/1662\/revisions"}],"predecessor-version":[{"id":2215,"href":"https:\/\/studiobcn.fitness\/es\/wp-json\/wp\/v2\/pages\/1662\/revisions\/2215"}],"wp:attachment":[{"href":"https:\/\/studiobcn.fitness\/es\/wp-json\/wp\/v2\/media?parent=1662"}],"curies":[{"name":"wp","href":"https:\/\/api.w.org\/{rel}","templated":true}]}}