{"id":1665,"date":"2019-04-29T18:51:48","date_gmt":"2019-04-29T16:51:48","guid":{"rendered":"https:\/\/studiobcn.fitness\/?page_id=1665"},"modified":"2020-04-02T19:42:18","modified_gmt":"2020-04-02T17:42:18","slug":"nuestras-clases","status":"publish","type":"page","link":"https:\/\/studiobcn.fitness\/es\/nuestras-clases\/","title":{"rendered":"Nuestras Clases"},"content":{"rendered":"[mk_page_section layout_structure=\u00bbhalf_left\u00bb bg_image=\u00bbhttps:\/\/studiobcn.fitness\/wp-content\/uploads\/2018\/04\/group.jpg\u00bb bg_color=\u00bb#615d5d\u00bb bg_stretch=\u00bbtrue\u00bb bg_gradient=\u00bbhorizontal\u00bb video_color_mask=\u00bb#615d5d\u00bb gr_end=\u00bb#615d5d\u00bb video_opacity=\u00bb1&#8243; min_height=\u00bb420&#8243; full_width=\u00bbtrue\u00bb padding_top=\u00bb120&#8243; padding_bottom=\u00bb0&#8243;][vc_column][mk_fancy_title tag_name=\u00bbh1&#8243; color=\u00bb#ffffff\u00bb size=\u00bb40&#8243; force_font_size=\u00bbtrue\u00bb size_tablet=\u00bb35&#8243; size_phone=\u00bb30&#8243; letter_spacing=\u00bb1&#8243; margin_bottom=\u00bb0&#8243; font_family=\u00bbRoboto+Slab\u00bb font_type=\u00bbgoogle\u00bb]Clases Online desde Barcelona[\/mk_fancy_title][mk_fancy_title color=\u00bb#ffffff\u00bb size=\u00bb30&#8243; force_font_size=\u00bbtrue\u00bb size_tablet=\u00bb25&#8243; size_phone=\u00bb20&#8243; font_weight=\u00bb300&#8243; letter_spacing=\u00bb1&#8243; margin_bottom=\u00bb0&#8243; font_family=\u00bbRoboto+Slab\u00bb font_type=\u00bbgoogle\u00bb]TRX, Bodyweight, Yoga &amp; Meditation[\/mk_fancy_title][mk_divider style=\u00bbthin_solid\u00bb divider_width=\u00bbone_half\u00bb align=\u00bbleft\u00bb thin_single_color=\u00bb#ffffff\u00bb thickness=\u00bb3&#8243; margin_top=\u00bb0&#8243; margin_bottom=\u00bb0&#8243; visibility=\u00bbhidden-sm\u00bb][\/vc_column][\/mk_page_section][mk_page_section layout_structure=\u00bbhalf_right\u00bb bg_image=\u00bbhttps:\/\/studiobcn.fitness\/wp-content\/uploads\/2018\/04\/img_6804-updated.jpg\u00bb bg_color=\u00bb#fafafa\u00bb bg_stretch=\u00bbtrue\u00bb min_height=\u00bb430&#8243; padding_top=\u00bb0&#8243; padding_bottom=\u00bb0&#8243;][vc_column][mk_fancy_title color=\u00bb#000000&#8243; size=\u00bb30&#8243; force_font_size=\u00bbtrue\u00bb size_tablet=\u00bb25&#8243; size_phone=\u00bb20&#8243; font_weight=\u00bb300&#8243; letter_spacing=\u00bb1&#8243; margin_top=\u00bb50&#8243; margin_bottom=\u00bb0&#8243; font_family=\u00bbRoboto+Slab\u00bb font_type=\u00bbgoogle\u00bb]Reserva nuestras clases online&#8230;[\/mk_fancy_title][vc_column_text css=\u00bb.vc_custom_1585849167532{margin-bottom: 0px !important;}\u00bb]Debido a medidas de seguridad relacionadas con el Coronavirus (COVID-19), el Studio BCN est\u00e1 actualmente cerrado al p\u00fablico.<\/p>\n<p>Es por eso que damos tantas clases ONLINE, para que puedas disfrutar de la comodidad y seguridad de su propio hogar.<\/p>\n<p>Reg\u00edstrate a continuaci\u00f3n y reserva nuestras clases online. Descarga la aplicaci\u00f3n Zoom y espera el enlace, te enviaremos un correo electr\u00f3nico 10 minutos antes de que comencemos la clase.<\/p>\n<p>El Studio BCN cuida tu cuerpo y mente.[\/vc_column_text][mk_padding_divider size=\u00bb70&#8243; visibility=\u00bbvisible-sm\u00bb][\/vc_column][\/mk_page_section][vc_row fullwidth=\u00bbtrue\u00bb][vc_column][mk_padding_divider size=\u00bb38&#8243;][\/vc_column][\/vc_row][vc_row fullwidth=\u00bbtrue\u00bb][vc_column][mk_padding_divider size=\u00bb38&#8243;][\/vc_column][\/vc_row][vc_row][vc_column][vc_raw_html]JTNDaWZyYW1lJTIwZnJhbWVib3JkZXIlM0QlMjIwJTIyJTIwaWQlM0QlMjJlbWJlZGRlZEZyYW1lJTIyJTIwbmFtZSUzRCUyMmVtYmVkZGVkRnJhbWUlMjIlMjBzY3JvbGxpbmclM0QlMjJ5ZXMlMjIlMjBzcmMlM0QlMjJodHRwcyUzQSUyRiUyRndpZGdldC5maXRvZ3JhbS5wcm8lMkZ0aGUtc3R1ZGlvLWJjbiUzRmZpdG8tZW1iZWRkZWQlM0R0cnVlJTI2dyUzRCUyRmxpc3QtdmlldyUyMiUyMHdpZHRoJTNEJTIyMTAwJTI1JTIyJTIwaGVpZ2h0JTNEJTIyODAwcHglMjIlM0UlM0MlMkZpZnJhbWUlM0U=[\/vc_raw_html][\/vc_column][\/vc_row][mk_page_section bg_image=\u00bbhttps:\/\/studiobcn.fitness\/wp-content\/uploads\/2017\/11\/slide2.png\u00bb bg_repeat=\u00bbno-repeat\u00bb bg_stretch=\u00bbtrue\u00bb speed_factor=\u00bb1.4&#8243; video_color_mask=\u00bb#615d5d\u00bb video_opacity=\u00bb0.8&#8243; min_height=\u00bb147&#8243; padding_top=\u00bb0&#8243; padding_bottom=\u00bb0&#8243; top_shape_color=\u00bb#000000&#8243; sidebar=\u00bbsidebar-1&#8243;][vc_column width=\u00bb2\/3&#8243;][mk_fancy_title tag_name=\u00bbh3&#8243; color=\u00bb#ffffff\u00bb size=\u00bb22&#8243; force_font_size=\u00bbtrue\u00bb size_tablet=\u00bb22&#8243; size_phone=\u00bb20&#8243; letter_spacing=\u00bb1&#8243; margin_top=\u00bb58&#8243; margin_bottom=\u00bb0&#8243; font_family=\u00bbRoboto+Slab\u00bb font_type=\u00bbgoogle\u00bb]Subscr\u00edbete al Bolet\u00edn del Studio&#8230;[\/mk_fancy_title][\/vc_column][vc_column width=\u00bb1\/3&#8243;][mk_padding_divider size=\u00bb51&#8243;][mk_button dimension=\u00bboutline\u00bb corner_style=\u00bbfull_rounded\u00bb size=\u00bblarge\u00bb url=\u00bbhttps:\/\/mailchi.mp\/8db6db7b9ba1\/subscribe\u00bb target=\u00bb_blank\u00bb align=\u00bbright\u00bb button_custom_width=\u00bb200&#8243; margin_bottom=\u00bb0&#8243; margin_right=\u00bb0&#8243; outline_skin=\u00bbcustom\u00bb outline_active_text_color=\u00bb#ffffff\u00bb outline_hover_color=\u00bb#fce746&#8243;]Subscr\u00edbete[\/mk_button][\/vc_column][\/mk_page_section]\n","protected":false},"excerpt":{"rendered":"<p>[mk_page_section layout_structure=\u00bbhalf_left\u00bb bg_image=\u00bbhttps:\/\/studiobcn.fitness\/wp-content\/uploads\/2018\/04\/group.jpg\u00bb bg_color=\u00bb#615d5d\u00bb bg_stretch=\u00bbtrue\u00bb bg_gradient=\u00bbhorizontal\u00bb video_color_mask=\u00bb#615d5d\u00bb gr_end=\u00bb#615d5d\u00bb video_opacity=\u00bb1&#8243; min_height=\u00bb420&#8243; full_width=\u00bbtrue\u00bb padding_top=\u00bb120&#8243; padding_bottom=\u00bb0&#8243;][vc_column][mk_fancy_title tag_name=\u00bbh1&#8243; color=\u00bb#ffffff\u00bb size=\u00bb40&#8243; force_font_size=\u00bbtrue\u00bb size_tablet=\u00bb35&#8243; size_phone=\u00bb30&#8243; letter_spacing=\u00bb1&#8243; margin_bottom=\u00bb0&#8243; font_family=\u00bbRoboto+Slab\u00bb font_type=\u00bbgoogle\u00bb]Clases Online desde Barcelona[\/mk_fancy_title][mk_fancy_title color=\u00bb#ffffff\u00bb size=\u00bb30&#8243; force_font_size=\u00bbtrue\u00bb size_tablet=\u00bb25&#8243; size_phone=\u00bb20&#8243; font_weight=\u00bb300&#8243; letter_spacing=\u00bb1&#8243; margin_bottom=\u00bb0&#8243; font_family=\u00bbRoboto+Slab\u00bb font_type=\u00bbgoogle\u00bb]TRX, Bodyweight, Yoga &amp; Meditation[\/mk_fancy_title][mk_divider style=\u00bbthin_solid\u00bb divider_width=\u00bbone_half\u00bb align=\u00bbleft\u00bb thin_single_color=\u00bb#ffffff\u00bb thickness=\u00bb3&#8243; margin_top=\u00bb0&#8243; margin_bottom=\u00bb0&#8243; visibility=\u00bbhidden-sm\u00bb][\/vc_column][\/mk_page_section][mk_page_section layout_structure=\u00bbhalf_right\u00bb bg_image=\u00bbhttps:\/\/studiobcn.fitness\/wp-content\/uploads\/2018\/04\/img_6804-updated.jpg\u00bb bg_color=\u00bb#fafafa\u00bb bg_stretch=\u00bbtrue\u00bb min_height=\u00bb430&#8243; padding_top=\u00bb0&#8243; padding_bottom=\u00bb0&#8243;][vc_column][mk_fancy_title [&hellip;]<\/p>\n","protected":false},"author":618510,"featured_media":0,"parent":0,"menu_order":20,"comment_status":"closed","ping_status":"closed","template":"","meta":{"rank_math_lock_modified_date":false,"_monsterinsights_skip_tracking":false,"_monsterinsights_sitenote_active":false,"_monsterinsights_sitenote_note":"","_monsterinsights_sitenote_category":0,"footnotes":""},"_links":{"self":[{"href":"https:\/\/studiobcn.fitness\/es\/wp-json\/wp\/v2\/pages\/1665"}],"collection":[{"href":"https:\/\/studiobcn.fitness\/es\/wp-json\/wp\/v2\/pages"}],"about":[{"href":"https:\/\/studiobcn.fitness\/es\/wp-json\/wp\/v2\/types\/page"}],"author":[{"embeddable":true,"href":"https:\/\/studiobcn.fitness\/es\/wp-json\/wp\/v2\/users\/618510"}],"replies":[{"embeddable":true,"href":"https:\/\/studiobcn.fitness\/es\/wp-json\/wp\/v2\/comments?post=1665"}],"version-history":[{"count":3,"href":"https:\/\/studiobcn.fitness\/es\/wp-json\/wp\/v2\/pages\/1665\/revisions"}],"predecessor-version":[{"id":1968,"href":"https:\/\/studiobcn.fitness\/es\/wp-json\/wp\/v2\/pages\/1665\/revisions\/1968"}],"wp:attachment":[{"href":"https:\/\/studiobcn.fitness\/es\/wp-json\/wp\/v2\/media?parent=1665"}],"curies":[{"name":"wp","href":"https:\/\/api.w.org\/{rel}","templated":true}]}}