{"id":1682,"date":"2017-02-17T12:13:27","date_gmt":"2017-02-17T12:13:27","guid":{"rendered":"https:\/\/studiobcn.fitness\/home\/"},"modified":"2024-08-07T11:10:27","modified_gmt":"2024-08-07T09:10:27","slug":"inicio","status":"publish","type":"page","link":"https:\/\/studiobcn.fitness\/es\/","title":{"rendered":"Inicio"},"content":{"rendered":"[mk_page_section bg_position=\u00bbcenter top\u00bb bg_repeat=\u00bbno-repeat\u00bb min_height=\u00bb0&#8243; padding_top=\u00bb0&#8243; padding_bottom=\u00bb0&#8243; sidebar=\u00bbsidebar-1&#8243;][vc_column][vc_row_inner is_fullwidth_content=\u00bbfalse\u00bb][vc_column_inner width=\u00bb1\/12&#8243;][\/vc_column_inner][vc_column_inner width=\u00bb10\/12&#8243;][rev_slider_vc alias=\u00bbhome-spanish\u00bb][\/vc_column_inner][vc_column_inner width=\u00bb1\/12&#8243;][\/vc_column_inner][\/vc_row_inner][mk_header search_icon=\u00bbfalse\u00bb bg_color=\u00bb#615d5d\u00bb border_color=\u00bb#fce746&#8243; text_color=\u00bb#ffffff\u00bb text_hover_skin=\u00bb#fce746&#8243;][\/vc_column][\/mk_page_section][vc_row][vc_column][mk_padding_divider size=\u00bb50&#8243;][mk_fancy_title tag_name=\u00bbh1&#8243; color=\u00bb#000000&#8243; size=\u00bb30&#8243; force_font_size=\u00bbtrue\u00bb size_tablet=\u00bb25&#8243; size_phone=\u00bb20&#8243; font_weight=\u00bb300&#8243; txt_transform=\u00bbnone\u00bb letter_spacing=\u00bb1&#8243; margin_bottom=\u00bb0&#8243; font_family=\u00bbRoboto+Slab\u00bb font_type=\u00bbgoogle\u00bb align=\u00bbcenter\u00bb]BIENVENIDOS A EBYLIFE ENTRENAMIENTO PERSONAL \/ P\u00c9RDIDA DE PESO \/ FITNESS CORPORATIVO GRUPAL \/ BCN[\/mk_fancy_title][\/vc_column][\/vc_row][vc_row][vc_column][mk_padding_divider][vc_row_inner][vc_column_inner width=\u00bb1\/2&#8243;][mk_image src=\u00bbhttps:\/\/studiobcn.fitness\/wp-content\/uploads\/2024\/07\/personal-trainer-martin-ebner.jpg\u00bb image_size=\u00bbfull\u00bb][mk_padding_divider visibility=\u00bbvisible-sm\u00bb][\/vc_column_inner][vc_column_inner width=\u00bb1\/2&#8243;][vc_column_text css=\u00bb.vc_custom_1722855575681{margin-bottom: 0px !important;}\u00bb]Con gran pesar, hemos decidido cerrar The Studio BCN debido a las dif\u00edciles circunstancias.<\/p>\n<p>Aunque ya no estemos contigo en Barcelona, ??te dejamos en las buenas manos de Ebylife.<\/p>\n<p>Ebylife se especializa en <a href=\"https:\/\/www.ebylife.com\/\" target=\"_blank\" rel=\"noopener\"><u>entrenamiento personal y soluciones de fitness en ingl\u00e9s en Barcelona<\/u><\/a>. Ya sea que est\u00e9s buscando desarrollar fuerza, perder peso, corregir tu postura o est\u00e9s buscando un enfoque hol\u00edstico para mejorar tu salud y tu estado f\u00edsico, el equipo de entrenadores de Ebylife, altamente experimentados y calificados internacionalmente, te ayudar\u00e1 a alcanzar tus objetivos de salud y fitness.<\/p>\n<p>Si deseas mantenerte al d\u00eda con nuestras \u00faltimas noticias o participar en nuestro nuevo proyecto, puedes visitarnos <a href=\"https:\/\/studiobtn.fitness\/\" target=\"_blank\" rel=\"noopener\"><u>aqu\u00ed<\/u><\/a>.<\/p>\n<p>The Studio BCN, cuidando tu cuerpo y tu mente.[\/vc_column_text][mk_button dimension=\u00bbflat\u00bb corner_style=\u00bbrounded\u00bb size=\u00bblarge\u00bb icon=\u00bbmk-moon-checkmark-3&#8243; icon_anim=\u00bbside\u00bb url=\u00bbhttps:\/\/www.ebylife.com\/contact-us\u00bb align=\u00bbcenter\u00bb fullwidth=\u00bbtrue\u00bb margin_top=\u00bb16&#8243; bg_color=\u00bb#fce746&#8243; text_color=\u00bbdark\u00bb btn_hover_txt_color=\u00bb#615d5d\u00bb]CONTACTE A EBYLIFE AHORA[\/mk_button][\/vc_column_inner][\/vc_row_inner][mk_padding_divider][mk_padding_divider][\/vc_column][\/vc_row][mk_page_section layout_structure=\u00bbhalf_left\u00bb bg_image=\u00bbhttps:\/\/studiobcn.fitness\/wp-content\/uploads\/2024\/08\/specialised-personal-training-in-barcelona.jpg\u00bb bg_color=\u00bb#fafafa\u00bb bg_stretch=\u00bbtrue\u00bb min_height=\u00bb430&#8243; full_width=\u00bbtrue\u00bb padding_top=\u00bb0&#8243; padding_bottom=\u00bb0&#8243;][vc_column][mk_fancy_title color=\u00bb#000000&#8243; size=\u00bb31&#8243; force_font_size=\u00bbtrue\u00bb size_tablet=\u00bb25&#8243; size_phone=\u00bb20&#8243; font_weight=\u00bb300&#8243; letter_spacing=\u00bb1&#8243; margin_top=\u00bb50&#8243; margin_bottom=\u00bb0&#8243; font_family=\u00bbRoboto+Slab\u00bb font_type=\u00bbgoogle\u00bb]Entrenamiento Personal Especializado[\/mk_fancy_title][vc_column_text css=\u00bb.vc_custom_1722854779470{margin-bottom: 0px !important;}\u00bb]\n<p class=\"p1\">A veces, solo necesitamos una fuerte inyecci\u00f3n de dedicaci\u00f3n y compromiso para alcanzar el siguiente nivel de salud y los entrenadores personales de Ebylife son tus gu\u00edas altamente calificados. Ofrecemos una variedad de opciones: entrenamiento de fuerza, funcional y calistenia, TRX y trabajo postural. Puedes combinarlos o concentrarte en una especializaci\u00f3n. Ebylife da la bienvenida a personas reales con todo tipo de objetivos e historiales de salud.<\/p>\n[\/vc_column_text][mk_padding_divider size=\u00bb24&#8243;][mk_button dimension=\u00bbflat\u00bb corner_style=\u00bbrounded\u00bb size=\u00bbmedium\u00bb icon=\u00bbmk-moon-checkmark-3&#8243; icon_anim=\u00bbside\u00bb url=\u00bbhttps:\/\/www.ebylife.com\/individual-sessions\u00bb align=\u00bbcenter\u00bb fullwidth=\u00bbtrue\u00bb margin_top=\u00bb16&#8243; bg_color=\u00bb#fce746&#8243; text_color=\u00bbdark\u00bb btn_hover_txt_color=\u00bb#615d5d\u00bb]ENTRENAMIENTO PERSONAL 1 A 1[\/mk_button][mk_padding_divider size=\u00bb60&#8243; visibility=\u00bbvisible-sm\u00bb][\/vc_column][\/mk_page_section][mk_page_section layout_structure=\u00bbhalf_right\u00bb bg_image=\u00bbhttps:\/\/studiobcn.fitness\/wp-content\/uploads\/2024\/08\/weight-loss-programs-ebylife.jpg\u00bb bg_color=\u00bb#fafafa\u00bb bg_stretch=\u00bbtrue\u00bb min_height=\u00bb430&#8243; full_width=\u00bbtrue\u00bb padding_top=\u00bb0&#8243; padding_bottom=\u00bb0&#8243;][vc_column][mk_fancy_title color=\u00bb#000000&#8243; size=\u00bb30&#8243; force_font_size=\u00bbtrue\u00bb size_tablet=\u00bb25&#8243; size_phone=\u00bb20&#8243; font_weight=\u00bb300&#8243; txt_transform=\u00bbnone\u00bb letter_spacing=\u00bb1&#8243; margin_top=\u00bb50&#8243; margin_bottom=\u00bb0&#8243; font_family=\u00bbRoboto+Slab\u00bb font_type=\u00bbgoogle\u00bb]Programas de p\u00e9rdida de peso[\/mk_fancy_title][vc_column_text css=\u00bb.vc_custom_1722854999578{margin-bottom: 0px !important;}\u00bb]En Ebylife, sabemos que perder peso es mucho m\u00e1s que simplemente perder kilos: se trata de transformar tu estilo de vida y generar cambios duraderos. Nuestros programas de p\u00e9rdida de peso est\u00e1n dise\u00f1ados para ayudarte a perder grasa y alcanzar tu composici\u00f3n corporal ideal de una manera saludable y sostenible, combinando entrenamiento personalizado, orientaci\u00f3n nutricional y apoyo continuo.[\/vc_column_text][mk_button dimension=\u00bbflat\u00bb corner_style=\u00bbrounded\u00bb size=\u00bbmedium\u00bb icon=\u00bbmk-moon-checkmark-3&#8243; icon_anim=\u00bbside\u00bb url=\u00bbhttps:\/\/www.ebylife.com\/weight-loss\u00bb align=\u00bbcenter\u00bb fullwidth=\u00bbtrue\u00bb margin_top=\u00bb16&#8243; bg_color=\u00bb#fce746&#8243; text_color=\u00bbdark\u00bb btn_hover_txt_color=\u00bb#615d5d\u00bb]PROGRAMAS DE PERDIDA DE PESO[\/mk_button][\/vc_column][\/mk_page_section][mk_page_section layout_structure=\u00bbhalf_left\u00bb bg_image=\u00bbhttps:\/\/studiobcn.fitness\/wp-content\/uploads\/2024\/08\/corporate-group-fitness.jpg\u00bb bg_color=\u00bb#fafafa\u00bb bg_stretch=\u00bbtrue\u00bb min_height=\u00bb430&#8243; full_width=\u00bbtrue\u00bb padding_top=\u00bb0&#8243; padding_bottom=\u00bb0&#8243;][vc_column][mk_fancy_title color=\u00bb#000000&#8243; size=\u00bb30&#8243; force_font_size=\u00bbtrue\u00bb size_tablet=\u00bb25&#8243; size_phone=\u00bb20&#8243; font_weight=\u00bb300&#8243; letter_spacing=\u00bb1&#8243; margin_top=\u00bb50&#8243; margin_bottom=\u00bb0&#8243; font_family=\u00bbRoboto+Slab\u00bb font_type=\u00bbgoogle\u00bb]Clases de fitness para grupos corporativos[\/mk_fancy_title][vc_column_text css=\u00bb.vc_custom_1722855123128{margin-bottom: 0px !important;}\u00bb]\n<p class=\"p1\">Ebylife ofrece clases de fitness grupales din\u00e1micas y atractivas para empresas, dise\u00f1adas para mejorar el rendimiento del equipo y el bienestar general. Nuestros entrenadores expertos dise\u00f1an programas que se adaptan perfectamente al entorno corporativo, centr\u00e1ndose en mejorar la salud f\u00edsica, reducir el estr\u00e9s y fomentar un esp\u00edritu de equipo colaborativo. Ya sea que su objetivo sea mejorar la moral de los empleados, fomentar un estilo de vida m\u00e1s saludable o simplemente brindar una salida de fitness divertida y efectiva, las clases de fitness corporativas de Ebylife son la soluci\u00f3n perfecta.<\/p>\n[\/vc_column_text][mk_button dimension=\u00bbflat\u00bb corner_style=\u00bbrounded\u00bb size=\u00bbmedium\u00bb icon=\u00bbmk-moon-checkmark-3&#8243; icon_anim=\u00bbside\u00bb url=\u00bbhttps:\/\/www.ebylife.com\/corporate-group-fitness-barcelona\u00bb align=\u00bbcenter\u00bb fullwidth=\u00bbtrue\u00bb margin_top=\u00bb16&#8243; bg_color=\u00bb#fce746&#8243; text_color=\u00bbdark\u00bb btn_hover_txt_color=\u00bb#615d5d\u00bb]EBYLIFE FITNESS CORPORATIVO[\/mk_button][mk_padding_divider size=\u00bb60&#8243; visibility=\u00bbvisible-sm\u00bb][\/vc_column][\/mk_page_section][mk_page_section bg_repeat=\u00bbno-repeat\u00bb bg_stretch=\u00bbtrue\u00bb bg_gradient=\u00bbhorizontal\u00bb video_color_mask=\u00bb#615d5d\u00bb gr_end=\u00bb#615d5d\u00bb video_opacity=\u00bb1&#8243; min_height=\u00bb293&#8243; js_vertical_centered=\u00bbtrue\u00bb padding_top=\u00bb60&#8243; padding_bottom=\u00bb20&#8243; sidebar=\u00bbsidebar-1&#8243;][vc_column][vc_raw_js]JTVCZ3J3JTIwaWQlM0QyMTg4JTVE[\/vc_raw_js][\/vc_column][\/mk_page_section][vc_row disable_element=\u00bbyes\u00bb][vc_column][mk_padding_divider size=\u00bb50&#8243;][mk_fancy_title tag_name=\u00bbh3&#8243; color=\u00bb#000000&#8243; size=\u00bb30&#8243; force_font_size=\u00bbtrue\u00bb size_tablet=\u00bb25&#8243; size_phone=\u00bb20&#8243; font_weight=\u00bb300&#8243; txt_transform=\u00bbnone\u00bb letter_spacing=\u00bb1&#8243; font_family=\u00bbnone\u00bb align=\u00bbcenter\u00bb]Our Blog[\/mk_fancy_title][\/vc_column][\/vc_row][vc_row fullwidth=\u00bbtrue\u00bb fullwidth_content=\u00bbfalse\u00bb disable_element=\u00bbyes\u00bb css=\u00bb.vc_custom_1513345880415{margin-top: 20px !important;margin-bottom: 20px !important;}\u00bb][vc_column][vc_masonry_grid post_type=\u00bbpost\u00bb max_items=\u00bb3&#8243; item=\u00bbmasonryGrid_FadeIn\u00bb grid_id=\u00bbvc_gid:1723019621256-1d2970cba9db69f7be3fde6c879f2f12-6&#8243;][\/vc_column][\/vc_row][mk_page_section bg_image=\u00bbhttps:\/\/studiobcn.fitness\/wp-content\/uploads\/2017\/02\/trx.jpg\u00bb bg_repeat=\u00bbno-repeat\u00bb bg_stretch=\u00bbtrue\u00bb speed_factor=\u00bb1.4&#8243; video_color_mask=\u00bb#615d5d\u00bb video_opacity=\u00bb0.8&#8243; min_height=\u00bb147&#8243; padding_top=\u00bb0&#8243; padding_bottom=\u00bb0&#8243; top_shape_color=\u00bb#000000&#8243; sidebar=\u00bbsidebar-1&#8243;][vc_column width=\u00bb2\/3&#8243;][mk_fancy_title tag_name=\u00bbh3&#8243; color=\u00bb#ffffff\u00bb size=\u00bb22&#8243; force_font_size=\u00bbtrue\u00bb size_tablet=\u00bb22&#8243; size_phone=\u00bb20&#8243; letter_spacing=\u00bb1&#8243; margin_top=\u00bb58&#8243; margin_bottom=\u00bb0&#8243; font_family=\u00bbRoboto+Slab\u00bb font_type=\u00bbgoogle\u00bb]Ver precios y paquetes de entrenamiento[\/mk_fancy_title][\/vc_column][vc_column width=\u00bb1\/3&#8243;][mk_padding_divider size=\u00bb51&#8243; visibility=\u00bbhidden-sm\u00bb][mk_button dimension=\u00bboutline\u00bb corner_style=\u00bbfull_rounded\u00bb size=\u00bblarge\u00bb url=\u00bbhttps:\/\/www.ebylife.com\/prices\u00bb align=\u00bbright\u00bb button_custom_width=\u00bb200&#8243; margin_bottom=\u00bb0&#8243; margin_right=\u00bb0&#8243; outline_skin=\u00bbcustom\u00bb outline_active_text_color=\u00bb#ffffff\u00bb outline_hover_color=\u00bb#fce746&#8243;]VER TODO[\/mk_button][\/vc_column][\/mk_page_section]\n","protected":false},"excerpt":{"rendered":"<p>[mk_page_section bg_position=\u00bbcenter top\u00bb bg_repeat=\u00bbno-repeat\u00bb min_height=\u00bb0&#8243; padding_top=\u00bb0&#8243; padding_bottom=\u00bb0&#8243; sidebar=\u00bbsidebar-1&#8243;][vc_column][vc_row_inner is_fullwidth_content=\u00bbfalse\u00bb][vc_column_inner width=\u00bb1\/12&#8243;][\/vc_column_inner][vc_column_inner width=\u00bb10\/12&#8243;][rev_slider_vc alias=\u00bbhome-spanish\u00bb][\/vc_column_inner][vc_column_inner width=\u00bb1\/12&#8243;][\/vc_column_inner][\/vc_row_inner][mk_header search_icon=\u00bbfalse\u00bb bg_color=\u00bb#615d5d\u00bb border_color=\u00bb#fce746&#8243; text_color=\u00bb#ffffff\u00bb text_hover_skin=\u00bb#fce746&#8243;][\/vc_column][\/mk_page_section][vc_row][vc_column][mk_padding_divider size=\u00bb50&#8243;][mk_fancy_title tag_name=\u00bbh1&#8243; color=\u00bb#000000&#8243; size=\u00bb30&#8243; force_font_size=\u00bbtrue\u00bb size_tablet=\u00bb25&#8243; size_phone=\u00bb20&#8243; font_weight=\u00bb300&#8243; txt_transform=\u00bbnone\u00bb letter_spacing=\u00bb1&#8243; margin_bottom=\u00bb0&#8243; font_family=\u00bbRoboto+Slab\u00bb font_type=\u00bbgoogle\u00bb align=\u00bbcenter\u00bb]BIENVENIDOS A EBYLIFE ENTRENAMIENTO PERSONAL \/ P\u00c9RDIDA DE PESO \/ FITNESS CORPORATIVO GRUPAL \/ BCN[\/mk_fancy_title][\/vc_column][\/vc_row][vc_row][vc_column][mk_padding_divider][vc_row_inner][vc_column_inner width=\u00bb1\/2&#8243;][mk_image src=\u00bbhttps:\/\/studiobcn.fitness\/wp-content\/uploads\/2024\/07\/personal-trainer-martin-ebner.jpg\u00bb image_size=\u00bbfull\u00bb][mk_padding_divider visibility=\u00bbvisible-sm\u00bb][\/vc_column_inner][vc_column_inner width=\u00bb1\/2&#8243;][vc_column_text css=\u00bb.vc_custom_1722855575681{margin-bottom: 0px !important;}\u00bb]Con gran [&hellip;]<\/p>\n","protected":false},"author":618510,"featured_media":0,"parent":0,"menu_order":0,"comment_status":"closed","ping_status":"closed","template":"","meta":{"rank_math_lock_modified_date":false,"_monsterinsights_skip_tracking":false,"_monsterinsights_sitenote_active":false,"_monsterinsights_sitenote_note":"","_monsterinsights_sitenote_category":0,"footnotes":""},"_links":{"self":[{"href":"https:\/\/studiobcn.fitness\/es\/wp-json\/wp\/v2\/pages\/1682"}],"collection":[{"href":"https:\/\/studiobcn.fitness\/es\/wp-json\/wp\/v2\/pages"}],"about":[{"href":"https:\/\/studiobcn.fitness\/es\/wp-json\/wp\/v2\/types\/page"}],"author":[{"embeddable":true,"href":"https:\/\/studiobcn.fitness\/es\/wp-json\/wp\/v2\/users\/618510"}],"replies":[{"embeddable":true,"href":"https:\/\/studiobcn.fitness\/es\/wp-json\/wp\/v2\/comments?post=1682"}],"version-history":[{"count":11,"href":"https:\/\/studiobcn.fitness\/es\/wp-json\/wp\/v2\/pages\/1682\/revisions"}],"predecessor-version":[{"id":2196,"href":"https:\/\/studiobcn.fitness\/es\/wp-json\/wp\/v2\/pages\/1682\/revisions\/2196"}],"wp:attachment":[{"href":"https:\/\/studiobcn.fitness\/es\/wp-json\/wp\/v2\/media?parent=1682"}],"curies":[{"name":"wp","href":"https:\/\/api.w.org\/{rel}","templated":true}]}}